{"id":16,"date":"2017-12-05T10:27:28","date_gmt":"2017-12-05T10:27:28","guid":{"rendered":"http:\/\/bartholme.de\/?page_id=16"},"modified":"2020-01-22T18:35:29","modified_gmt":"2020-01-22T18:35:29","slug":"startseite","status":"publish","type":"page","link":"https:\/\/bartholme.de\/","title":{"rendered":"Auf geht\u00b4s"},"content":{"rendered":"\n<h1 class=\"has-vivid-cyan-blue-color has-text-color\">Hier finden Sie spitze.L\u00f6sungen.<\/h1>\n\n\n\n<p>Ich bin seit \u00fcber 15 Jahren als Berater und Auditor f\u00fcr Qualit\u00e4ts- und Umweltmanagement t\u00e4tig. Ich unterst\u00fctze Sie gerne mit meinem Know-How.<\/p>\n\n\n\n<p class=\"paragraph_style_1\">Bei der Realisierung Ihrer Projekte haben ich das Ziel jederzeit fest im Blick. Mit Weitsicht und Know-How finden wir gemeinsam \u00fcberzeugende und erfolgverspechende L\u00f6sungen. Ich b\u00fcndele projektspezifisches Know-how im Projektteam und nutze hierbei auch das hervorragende Netzwerk der T\u00dcV Nord Gruppe.<\/p>\n\n\n\n<p class=\"paragraph_style_1\">F\u00fcr die gezielte Ausrichtung ihrer Organisation auf die Kundenw\u00fcnsche, eine prozessorientierte Betriebsorganisation, die ganzheitliche Betrachtung Ihres Unternehmens finden wir gemeinsam \u00fcberzeugende L\u00f6sungen, die im harten Wettbewerb bestehen.<\/p>\n\n\n\n<p class=\"paragraph_style_2\"><a title=\"http:\/\/www.spitze-unternehmensberatung.de\" href=\"http:\/\/www.spitze-unternehmensberatung.de\">Wir bringen Sie an die spitze.<br><\/a><\/p>\n\n\n\n<p class=\"paragraph_style_4\">Peter Bartholme<\/p>\n","protected":false},"excerpt":{"rendered":"<p>Hier finden Sie spitze.L\u00f6sungen. Ich bin seit \u00fcber 15 Jahren als Berater und Auditor f\u00fcr Qualit\u00e4ts- und Umweltmanagement t\u00e4tig. Ich<\/p>\n","protected":false},"author":1,"featured_media":0,"parent":0,"menu_order":0,"comment_status":"closed","ping_status":"closed","template":"","meta":{"spay_email":""},"_links":{"self":[{"href":"https:\/\/bartholme.de\/index.php?rest_route=\/wp\/v2\/pages\/16"}],"collection":[{"href":"https:\/\/bartholme.de\/index.php?rest_route=\/wp\/v2\/pages"}],"about":[{"href":"https:\/\/bartholme.de\/index.php?rest_route=\/wp\/v2\/types\/page"}],"author":[{"embeddable":true,"href":"https:\/\/bartholme.de\/index.php?rest_route=\/wp\/v2\/users\/1"}],"replies":[{"embeddable":true,"href":"https:\/\/bartholme.de\/index.php?rest_route=%2Fwp%2Fv2%2Fcomments&post=16"}],"version-history":[{"count":14,"href":"https:\/\/bartholme.de\/index.php?rest_route=\/wp\/v2\/pages\/16\/revisions"}],"predecessor-version":[{"id":499,"href":"https:\/\/bartholme.de\/index.php?rest_route=\/wp\/v2\/pages\/16\/revisions\/499"}],"wp:attachment":[{"href":"https:\/\/bartholme.de\/index.php?rest_route=%2Fwp%2Fv2%2Fmedia&parent=16"}],"curies":[{"name":"wp","href":"https:\/\/api.w.org\/{rel}","templated":true}]}}