{"id":169,"date":"2019-01-23T11:27:37","date_gmt":"2019-01-23T11:27:37","guid":{"rendered":"http:\/\/bartholme.de\/?page_id=169"},"modified":"2020-01-22T18:21:42","modified_gmt":"2020-01-22T18:21:42","slug":"cologne-greeter","status":"publish","type":"page","link":"https:\/\/bartholme.de\/?page_id=169","title":{"rendered":"Cologne Greeter"},"content":{"rendered":"\n<figure class=\"wp-block-gallery columns-3 is-cropped\"><ul class=\"blocks-gallery-grid\"><li class=\"blocks-gallery-item\"><figure><img loading=\"lazy\" width=\"234\" height=\"238\" src=\"http:\/\/bartholme.de\/wp-content\/uploads\/2019\/01\/Cologne-Greeter-icon.png\" alt=\"\" data-id=\"186\" data-link=\"http:\/\/bartholme.de\/?attachment_id=186\" class=\"wp-image-186\"\/><\/figure><\/li><li class=\"blocks-gallery-item\"><figure><img loading=\"lazy\" width=\"1024\" height=\"680\" src=\"http:\/\/bartholme.de\/wp-content\/uploads\/2019\/01\/DSC_6959-1024x680.jpeg\" alt=\"\" data-id=\"170\" data-link=\"http:\/\/bartholme.de\/?attachment_id=170\" class=\"wp-image-170\" srcset=\"https:\/\/bartholme.de\/wp-content\/uploads\/2019\/01\/DSC_6959-1024x680.jpeg 1024w, https:\/\/bartholme.de\/wp-content\/uploads\/2019\/01\/DSC_6959-300x199.jpeg 300w, https:\/\/bartholme.de\/wp-content\/uploads\/2019\/01\/DSC_6959-768x510.jpeg 768w\" sizes=\"(max-width: 1024px) 100vw, 1024px\" \/><\/figure><\/li><li class=\"blocks-gallery-item\"><figure><img loading=\"lazy\" width=\"1024\" height=\"768\" src=\"http:\/\/bartholme.de\/wp-content\/uploads\/2019\/01\/IMG_5317-1-1024x768.jpg\" alt=\"\" data-id=\"176\" data-link=\"http:\/\/bartholme.de\/?attachment_id=176\" class=\"wp-image-176\" srcset=\"https:\/\/bartholme.de\/wp-content\/uploads\/2019\/01\/IMG_5317-1-1024x768.jpg 1024w, https:\/\/bartholme.de\/wp-content\/uploads\/2019\/01\/IMG_5317-1-300x225.jpg 300w, https:\/\/bartholme.de\/wp-content\/uploads\/2019\/01\/IMG_5317-1-768x576.jpg 768w\" sizes=\"(max-width: 1024px) 100vw, 1024px\" \/><\/figure><\/li><\/ul><\/figure>\n\n\n\n<h2>Werde ein K\u00f6lner f\u00fcr einen Tag<\/h2>\n\n\n\n<div class=\"wp-block-columns has-2-columns\">\n<div class=\"wp-block-column\">\n<p>Die Cologne-Greeter sind echte K\u00f6lsche, die sehr viel Freude daran haben, Besuchern (Immis) kostenlos und ehrenamtlich unser faszinierendes K\u00f6ln zu zeigen. Sie geben dir Einblick in das, was das Leben in unserer Vaterstadt so lebenswert macht.<\/p>\n\n\n\n<p>The Cologne-Greeters are genuine residents (K\u00f6lsche), which take much pleasure in showing visitors (Immis) voluntarily and free of charge our fascinating Cologne. They give you insight into what makes life in our city so liveable<\/p>\n<\/div>\n\n\n\n<div class=\"wp-block-column\">\n<figure class=\"wp-block-table is-style-stripes\"><table class=\"\"><tbody><tr><td><strong>Name:<\/strong><\/td><td>K\u00f6ln<\/td><\/tr><tr><td><strong>Alter:<\/strong><\/td><td>+- 2020<\/td><\/tr><tr><td><strong>Geburtstag:<\/strong><\/td><td>Rosenmontag<\/td><\/tr><tr><td><strong>Universit\u00e4t:<\/strong><\/td><td>Ja<\/td><\/tr><tr><td><strong>Lieblings<\/strong><br><strong>Farbe:<\/strong><\/td><td>rot-wei\u00df<\/td><\/tr><tr><td><strong>Lieblings<\/strong><br><strong>Buch:<\/strong><\/td><td>Komm mit durch K\u00f6ln<\/td><\/tr><tr><td><strong>Lieblingsessen:<\/strong><\/td><td>Halven Hahn<\/td><\/tr><tr><td><strong>Lieblingszitat:<\/strong><\/td><td>\u201eJeder Jeck is anders\u201c<\/td><\/tr><\/tbody><\/table><\/figure>\n<\/div>\n<\/div>\n\n\n\n<p>Wir suchen noch weitere echte K\u00f6lsche als aktive Greeter.&nbsp;<\/p>\n\n\n\n<div class=\"wp-block-button Greet\"><a class=\"wp-block-button__link has-text-color has-very-dark-gray-color has-background has-very-light-gray-background-color\" href=\"http:\/\/bartholme.de\/?page_id=361\">Ich m\u00f6chte K\u00f6ln kennen lernen!<\/a><\/div>\n","protected":false},"excerpt":{"rendered":"<p>Werde ein K\u00f6lner f\u00fcr einen Tag Die Cologne-Greeter sind echte K\u00f6lsche, die sehr viel Freude daran haben, Besuchern (Immis) kostenlos<\/p>\n","protected":false},"author":1,"featured_media":0,"parent":0,"menu_order":0,"comment_status":"closed","ping_status":"closed","template":"","meta":{"spay_email":""},"_links":{"self":[{"href":"https:\/\/bartholme.de\/index.php?rest_route=\/wp\/v2\/pages\/169"}],"collection":[{"href":"https:\/\/bartholme.de\/index.php?rest_route=\/wp\/v2\/pages"}],"about":[{"href":"https:\/\/bartholme.de\/index.php?rest_route=\/wp\/v2\/types\/page"}],"author":[{"embeddable":true,"href":"https:\/\/bartholme.de\/index.php?rest_route=\/wp\/v2\/users\/1"}],"replies":[{"embeddable":true,"href":"https:\/\/bartholme.de\/index.php?rest_route=%2Fwp%2Fv2%2Fcomments&post=169"}],"version-history":[{"count":34,"href":"https:\/\/bartholme.de\/index.php?rest_route=\/wp\/v2\/pages\/169\/revisions"}],"predecessor-version":[{"id":493,"href":"https:\/\/bartholme.de\/index.php?rest_route=\/wp\/v2\/pages\/169\/revisions\/493"}],"wp:attachment":[{"href":"https:\/\/bartholme.de\/index.php?rest_route=%2Fwp%2Fv2%2Fmedia&parent=169"}],"curies":[{"name":"wp","href":"https:\/\/api.w.org\/{rel}","templated":true}]}}