{"id":173,"date":"2019-01-23T11:42:47","date_gmt":"2019-01-23T11:42:47","guid":{"rendered":"http:\/\/bartholme.de\/?page_id=173"},"modified":"2020-06-11T10:30:39","modified_gmt":"2020-06-11T10:30:39","slug":"schlossfinder","status":"publish","type":"page","link":"https:\/\/bartholme.de\/?page_id=173","title":{"rendered":"Schlossfinder"},"content":{"rendered":"\n<figure class=\"wp-block-gallery columns-3 is-cropped\"><ul class=\"blocks-gallery-grid\"><li class=\"blocks-gallery-item\"><figure><img loading=\"lazy\" width=\"1024\" height=\"768\" src=\"http:\/\/bartholme.de\/wp-content\/uploads\/2019\/01\/IMG_6391-1024x768.jpg\" alt=\"\" data-id=\"175\" data-link=\"http:\/\/bartholme.de\/?attachment_id=175\" class=\"wp-image-175\" srcset=\"https:\/\/bartholme.de\/wp-content\/uploads\/2019\/01\/IMG_6391-1024x768.jpg 1024w, https:\/\/bartholme.de\/wp-content\/uploads\/2019\/01\/IMG_6391-300x225.jpg 300w, https:\/\/bartholme.de\/wp-content\/uploads\/2019\/01\/IMG_6391-768x576.jpg 768w\" sizes=\"(max-width: 1024px) 100vw, 1024px\" \/><\/figure><\/li><li class=\"blocks-gallery-item\"><figure><img loading=\"lazy\" width=\"1024\" height=\"768\" src=\"http:\/\/bartholme.de\/wp-content\/uploads\/2019\/01\/IMG_5317-1-1024x768.jpg\" alt=\"\" data-id=\"176\" data-link=\"http:\/\/bartholme.de\/?attachment_id=176\" class=\"wp-image-176\" srcset=\"https:\/\/bartholme.de\/wp-content\/uploads\/2019\/01\/IMG_5317-1-1024x768.jpg 1024w, https:\/\/bartholme.de\/wp-content\/uploads\/2019\/01\/IMG_5317-1-300x225.jpg 300w, https:\/\/bartholme.de\/wp-content\/uploads\/2019\/01\/IMG_5317-1-768x576.jpg 768w\" sizes=\"(max-width: 1024px) 100vw, 1024px\" \/><\/figure><\/li><li class=\"blocks-gallery-item\"><figure><img loading=\"lazy\" width=\"1024\" height=\"768\" src=\"http:\/\/bartholme.de\/wp-content\/uploads\/2019\/01\/IMG_6140-1024x768.jpg\" alt=\"\" data-id=\"177\" data-link=\"http:\/\/bartholme.de\/?attachment_id=177\" class=\"wp-image-177\" srcset=\"https:\/\/bartholme.de\/wp-content\/uploads\/2019\/01\/IMG_6140-1024x768.jpg 1024w, https:\/\/bartholme.de\/wp-content\/uploads\/2019\/01\/IMG_6140-300x225.jpg 300w, https:\/\/bartholme.de\/wp-content\/uploads\/2019\/01\/IMG_6140-768x576.jpg 768w\" sizes=\"(max-width: 1024px) 100vw, 1024px\" \/><\/figure><\/li><li class=\"blocks-gallery-item\"><figure><img loading=\"lazy\" width=\"1024\" height=\"768\" src=\"http:\/\/bartholme.de\/wp-content\/uploads\/2019\/01\/IMG_6286-1024x768.jpg\" alt=\"\" data-id=\"178\" data-link=\"http:\/\/bartholme.de\/?attachment_id=178\" class=\"wp-image-178\" srcset=\"https:\/\/bartholme.de\/wp-content\/uploads\/2019\/01\/IMG_6286-1024x768.jpg 1024w, https:\/\/bartholme.de\/wp-content\/uploads\/2019\/01\/IMG_6286-300x225.jpg 300w, https:\/\/bartholme.de\/wp-content\/uploads\/2019\/01\/IMG_6286-768x576.jpg 768w\" sizes=\"(max-width: 1024px) 100vw, 1024px\" \/><\/figure><\/li><li class=\"blocks-gallery-item\"><figure><img loading=\"lazy\" width=\"1024\" height=\"768\" src=\"http:\/\/bartholme.de\/wp-content\/uploads\/2019\/01\/IMG_6392-1024x768.jpg\" alt=\"\" data-id=\"179\" data-link=\"http:\/\/bartholme.de\/?attachment_id=179\" class=\"wp-image-179\" srcset=\"https:\/\/bartholme.de\/wp-content\/uploads\/2019\/01\/IMG_6392-1024x768.jpg 1024w, https:\/\/bartholme.de\/wp-content\/uploads\/2019\/01\/IMG_6392-300x225.jpg 300w, https:\/\/bartholme.de\/wp-content\/uploads\/2019\/01\/IMG_6392-768x576.jpg 768w\" sizes=\"(max-width: 1024px) 100vw, 1024px\" \/><\/figure><\/li><\/ul><\/figure>\n\n\n\n<p>\u00dcberall auf der Welt sind diese Schl\u00f6sser zu finden.<\/p>\n\n\n\n<p>Menschen schw\u00f6ren sich ewige Treue oder zeigen, dass sie da waren.<\/p>\n\n\n\n<p>Wo h\u00e4ngt eure Schlo\u00df?<\/p>\n","protected":false},"excerpt":{"rendered":"<p>\u00dcberall auf der Welt sind diese Schl\u00f6sser zu finden. Menschen schw\u00f6ren sich ewige Treue oder zeigen, dass sie da waren.<\/p>\n","protected":false},"author":1,"featured_media":0,"parent":0,"menu_order":0,"comment_status":"closed","ping_status":"closed","template":"","meta":{"spay_email":""},"_links":{"self":[{"href":"https:\/\/bartholme.de\/index.php?rest_route=\/wp\/v2\/pages\/173"}],"collection":[{"href":"https:\/\/bartholme.de\/index.php?rest_route=\/wp\/v2\/pages"}],"about":[{"href":"https:\/\/bartholme.de\/index.php?rest_route=\/wp\/v2\/types\/page"}],"author":[{"embeddable":true,"href":"https:\/\/bartholme.de\/index.php?rest_route=\/wp\/v2\/users\/1"}],"replies":[{"embeddable":true,"href":"https:\/\/bartholme.de\/index.php?rest_route=%2Fwp%2Fv2%2Fcomments&post=173"}],"version-history":[{"count":5,"href":"https:\/\/bartholme.de\/index.php?rest_route=\/wp\/v2\/pages\/173\/revisions"}],"predecessor-version":[{"id":556,"href":"https:\/\/bartholme.de\/index.php?rest_route=\/wp\/v2\/pages\/173\/revisions\/556"}],"wp:attachment":[{"href":"https:\/\/bartholme.de\/index.php?rest_route=%2Fwp%2Fv2%2Fmedia&parent=173"}],"curies":[{"name":"wp","href":"https:\/\/api.w.org\/{rel}","templated":true}]}}