{"id":2,"date":"2017-11-21T21:40:15","date_gmt":"2017-11-21T21:40:15","guid":{"rendered":"http:\/\/bartholme.de\/?page_id=2"},"modified":"2020-01-22T18:45:19","modified_gmt":"2020-01-22T18:45:19","slug":"info-page","status":"publish","type":"page","link":"https:\/\/bartholme.de\/?page_id=2","title":{"rendered":"Chancen nutzen, Risiken vermeiden"},"content":{"rendered":"\n<div class=\"wp-block-image\"><figure class=\"aligncenter size-large is-resized\"><img loading=\"lazy\" src=\"http:\/\/bartholme.de\/wp-content\/uploads\/2017\/12\/IMG_0463-1024x768.jpg\" alt=\"\" class=\"wp-image-76\" width=\"609\" height=\"459\"\/><figcaption>Smartes System einf\u00fchren.<\/figcaption><\/figure><\/div>\n\n\n<div>\n<div class=\"page\" title=\"Page 1\">\n<div class=\"layoutArea\">\n<div class=\"column\">\n<p>Wir unterst\u00fctze Sie gerne bei der Optimierung ihrer Betriebsorganisation auf Basis der neuen Normen f\u00fcr<\/p>\n<h4 style=\"text-align: center;\">Qualit\u00e4t, Umwelt und Energie.<\/h4>\n<\/div>\n<\/div>\n<\/div>\n<\/div>\n<p style=\"text-align: center;\"><span class=\"\">DIN EN ISO 9001:2015, DIN EN ISO 14001:2015 und<br \/>DIN EN ISO 50001:2018<\/span><\/p>\n<div class=\"\">\u00a0<\/div>\n<div class=\"\"><span class=\"\">Hierzu haben wir folgende Vorgehensweise erprobt:<\/span><\/div>\n<div class=\"\">\u00a0<\/div>\n<ul class=\"\">\n<li style=\"list-style-type: none;\">\n<ul class=\"\">\n<li style=\"list-style-type: none;\">\n<ul class=\"\">\n<li style=\"list-style-type: none;\">\n<ul class=\"\">\n<li style=\"list-style-type: none;\">\n<ul class=\"\">\n<li class=\"\"><span class=\"\">Bewerten der bestehenden Organisation mit einer\u00a0Delta-Frageliste<\/span><\/li>\n<\/ul>\n<\/li>\n<\/ul>\n<ul class=\"\">\n<li style=\"list-style-type: none;\">\n<ul class=\"\">\n<li class=\"\"><span class=\"\">Aufgaben zur Optimierung ableiten<\/span><\/li>\n<li>Umsetzung begleiten<\/li>\n<\/ul>\n<\/li>\n<\/ul>\n<\/li>\n<\/ul>\n<\/li>\n<\/ul>\n<\/li>\n<\/ul>\n<p><span class=\"\">Zum Abschluss:<br \/>begleitetes internes Audit.<\/span><\/p>","protected":false},"excerpt":{"rendered":"<p>Wir unterst\u00fctze Sie gerne bei der Optimierung ihrer Betriebsorganisation auf Basis der neuen Normen f\u00fcr Qualit\u00e4t, Umwelt und Energie. DIN<\/p>\n","protected":false},"author":1,"featured_media":0,"parent":16,"menu_order":0,"comment_status":"closed","ping_status":"closed","template":"","meta":{"spay_email":""},"_links":{"self":[{"href":"https:\/\/bartholme.de\/index.php?rest_route=\/wp\/v2\/pages\/2"}],"collection":[{"href":"https:\/\/bartholme.de\/index.php?rest_route=\/wp\/v2\/pages"}],"about":[{"href":"https:\/\/bartholme.de\/index.php?rest_route=\/wp\/v2\/types\/page"}],"author":[{"embeddable":true,"href":"https:\/\/bartholme.de\/index.php?rest_route=\/wp\/v2\/users\/1"}],"replies":[{"embeddable":true,"href":"https:\/\/bartholme.de\/index.php?rest_route=%2Fwp%2Fv2%2Fcomments&post=2"}],"version-history":[{"count":25,"href":"https:\/\/bartholme.de\/index.php?rest_route=\/wp\/v2\/pages\/2\/revisions"}],"predecessor-version":[{"id":503,"href":"https:\/\/bartholme.de\/index.php?rest_route=\/wp\/v2\/pages\/2\/revisions\/503"}],"up":[{"embeddable":true,"href":"https:\/\/bartholme.de\/index.php?rest_route=\/wp\/v2\/pages\/16"}],"wp:attachment":[{"href":"https:\/\/bartholme.de\/index.php?rest_route=%2Fwp%2Fv2%2Fmedia&parent=2"}],"curies":[{"name":"wp","href":"https:\/\/api.w.org\/{rel}","templated":true}]}}