{"id":294,"date":"2019-05-02T10:00:46","date_gmt":"2019-05-02T10:00:46","guid":{"rendered":"http:\/\/bartholme.de\/?page_id=294"},"modified":"2020-01-22T18:53:18","modified_gmt":"2020-01-22T18:53:18","slug":"buchfinkenweg","status":"publish","type":"page","link":"https:\/\/bartholme.de\/?page_id=294","title":{"rendered":"Buchfinkenweg"},"content":{"rendered":"\n<figure class=\"wp-block-image\"><img loading=\"lazy\" width=\"1024\" height=\"680\" src=\"http:\/\/bartholme.de\/wp-content\/uploads\/2019\/05\/DSC_0671-1024x680.jpg\" alt=\"\" class=\"wp-image-320\" srcset=\"https:\/\/bartholme.de\/wp-content\/uploads\/2019\/05\/DSC_0671-1024x680.jpg 1024w, https:\/\/bartholme.de\/wp-content\/uploads\/2019\/05\/DSC_0671-300x199.jpg 300w, https:\/\/bartholme.de\/wp-content\/uploads\/2019\/05\/DSC_0671-768x510.jpg 768w\" sizes=\"(max-width: 1024px) 100vw, 1024px\" \/><\/figure>\n\n\n<p>Vogelsang, eine Siedlung, die seit je her auf Gemeinschaft aufbaut.<\/p>\n<p>Gegr\u00fcndet 1931 als Antwort auf die gro\u00dfe Wohnungsnot in K\u00f6ln.<\/p>\n<p>Die ersten Vogelsanger arbeiteten gemeinsam und bauten so die Siedlung auf.<\/p>\n<p>Das Los bestimmte, wer wo einziehen durfte. So kamen die ersten Siedler in den Buchfinkenweg.<\/p>\n<p>Heute leben hier immer noch Siedler, &nbsp;deren Nachkommen und die, die Vogelsang zu ihrem neuen Lebensmittelpunkt gemacht haben. Gemeinsam leben sie in der Nachbarschaft Buchfinkenweg.<\/p>\n<p>Und weil es sich hier gut leben l\u00e4sst, wird die Nachbarschaft auch weiterhin gepflegt.<\/p>","protected":false},"excerpt":{"rendered":"<p>Vogelsang, eine Siedlung, die seit je her auf Gemeinschaft aufbaut. Gegr\u00fcndet 1931 als Antwort auf die gro\u00dfe Wohnungsnot in K\u00f6ln.<\/p>\n","protected":false},"author":1,"featured_media":0,"parent":0,"menu_order":0,"comment_status":"closed","ping_status":"closed","template":"templates\/template-no-sidebar.php","meta":{"spay_email":""},"_links":{"self":[{"href":"https:\/\/bartholme.de\/index.php?rest_route=\/wp\/v2\/pages\/294"}],"collection":[{"href":"https:\/\/bartholme.de\/index.php?rest_route=\/wp\/v2\/pages"}],"about":[{"href":"https:\/\/bartholme.de\/index.php?rest_route=\/wp\/v2\/types\/page"}],"author":[{"embeddable":true,"href":"https:\/\/bartholme.de\/index.php?rest_route=\/wp\/v2\/users\/1"}],"replies":[{"embeddable":true,"href":"https:\/\/bartholme.de\/index.php?rest_route=%2Fwp%2Fv2%2Fcomments&post=294"}],"version-history":[{"count":6,"href":"https:\/\/bartholme.de\/index.php?rest_route=\/wp\/v2\/pages\/294\/revisions"}],"predecessor-version":[{"id":508,"href":"https:\/\/bartholme.de\/index.php?rest_route=\/wp\/v2\/pages\/294\/revisions\/508"}],"wp:attachment":[{"href":"https:\/\/bartholme.de\/index.php?rest_route=%2Fwp%2Fv2%2Fmedia&parent=294"}],"curies":[{"name":"wp","href":"https:\/\/api.w.org\/{rel}","templated":true}]}}